{"id":28,"date":"2025-06-13T20:13:21","date_gmt":"2025-06-13T20:13:21","guid":{"rendered":"http:\/\/zadora.com.pl\/?page_id=28"},"modified":"2025-06-13T20:18:55","modified_gmt":"2025-06-13T20:18:55","slug":"skills-technologies","status":"publish","type":"page","link":"https:\/\/zadora.com.pl\/index.php\/skills-technologies\/","title":{"rendered":"Skills &amp; Technologies"},"content":{"rendered":"\n<div class=\"wp-block-columns alignfull has-text-color has-background is-layout-flex wp-container-core-columns-is-layout-9d6595d7 wp-block-columns-is-layout-flex\" style=\"color:#000000;background-color:#ffffff\">\n<div class=\"wp-block-column is-layout-flow wp-block-column-is-layout-flow\">\n<h3 class=\"wp-block-heading\" style=\"font-size:24px;line-height:1.3\"><strong><a href=\"http:\/\/zadora.com.pl\/index.php\/leadership-strategy\/\">Leadership &amp; Strategy \u2197<\/a><\/strong><\/h3>\n\n\n\n<p>Zapraszamy na wirtualn\u0105 wycieczk\u0119 po muzeum. Idealne rozwi\u0105zanie dla szk\u00f3\u0142 i na wydarzenia.<\/p>\n<\/div>\n\n\n\n<div class=\"wp-block-column is-layout-flow wp-block-column-is-layout-flow\">\n<h3 class=\"wp-block-heading\" style=\"font-size:24px;line-height:1.3\"><strong><a href=\"http:\/\/zadora.com.pl\/index.php\/technical-proficiency\/\">Technical Proficiency \u2197<\/a><\/strong><\/h3>\n\n\n\n<p>B\u0105d\u017a na bie\u017c\u0105co i zobacz nasze aktualne wystawy tutaj.<\/p>\n<\/div>\n\n\n\n<div class=\"wp-block-column is-layout-flow wp-block-column-is-layout-flow\">\n<h3 class=\"wp-block-heading\" style=\"font-size:24px;line-height:1.3\"><strong><a href=\"http:\/\/zadora.com.pl\/index.php\/analytics-optimization\/\">Analytics &amp; Optimization \u2197<\/a><\/strong><\/h3>\n\n\n\n<p>Zapoznaj si\u0119 z naszymi godzinami otwarcia, cenami bilet\u00f3w i zni\u017ckami.<\/p>\n<\/div>\n<\/div>\n\n\n\n<p><\/p>\n","protected":false},"excerpt":{"rendered":"<p>Leadership &amp; Strategy \u2197 Zapraszamy na wirtualn\u0105 wycieczk\u0119 po muzeum. Idealne rozwi\u0105zanie dla szk\u00f3\u0142 i na wydarzenia. Technical Proficiency \u2197 B\u0105d\u017a na bie\u017c\u0105co i zobacz nasze aktualne wystawy tutaj. Analytics &amp; Optimization \u2197 Zapoznaj si\u0119 z naszymi godzinami otwarcia, cenami bilet\u00f3w i zni\u017ckami.<\/p>\n","protected":false},"author":1,"featured_media":0,"parent":0,"menu_order":0,"comment_status":"closed","ping_status":"closed","template":"","meta":{"iawp_total_views":4,"footnotes":""},"class_list":["post-28","page","type-page","status-publish","hentry","entry"],"_links":{"self":[{"href":"https:\/\/zadora.com.pl\/index.php\/wp-json\/wp\/v2\/pages\/28","targetHints":{"allow":["GET"]}}],"collection":[{"href":"https:\/\/zadora.com.pl\/index.php\/wp-json\/wp\/v2\/pages"}],"about":[{"href":"https:\/\/zadora.com.pl\/index.php\/wp-json\/wp\/v2\/types\/page"}],"author":[{"embeddable":true,"href":"https:\/\/zadora.com.pl\/index.php\/wp-json\/wp\/v2\/users\/1"}],"replies":[{"embeddable":true,"href":"https:\/\/zadora.com.pl\/index.php\/wp-json\/wp\/v2\/comments?post=28"}],"version-history":[{"count":4,"href":"https:\/\/zadora.com.pl\/index.php\/wp-json\/wp\/v2\/pages\/28\/revisions"}],"predecessor-version":[{"id":39,"href":"https:\/\/zadora.com.pl\/index.php\/wp-json\/wp\/v2\/pages\/28\/revisions\/39"}],"wp:attachment":[{"href":"https:\/\/zadora.com.pl\/index.php\/wp-json\/wp\/v2\/media?parent=28"}],"curies":[{"name":"wp","href":"https:\/\/api.w.org\/{rel}","templated":true}]}}